{"id":24,"date":"2024-11-12T15:18:33","date_gmt":"2024-11-12T15:18:33","guid":{"rendered":"https:\/\/jibaelectric.cl\/?page_id=24"},"modified":"2025-05-16T21:50:35","modified_gmt":"2025-05-16T21:50:35","slug":"contacto","status":"publish","type":"page","link":"https:\/\/jibaelectric.cl\/index.php\/contacto\/","title":{"rendered":"Contacto"},"content":{"rendered":"<p>[et_pb_section fb_built=\u00bb1&#8243; admin_label=\u00bbHeader &#038; Contact\u00bb _builder_version=\u00bb4.22.0&#8243; _module_preset=\u00bbdefault\u00bb background_color=\u00bbgcid-946866d9-c2b9-4b1f-9c7c-a55f3a135378&#8243; background_image=\u00bbhttps:\/\/jibaelectric.cl\/wp-content\/uploads\/2024\/11\/nutrition-coaching-background-03d.png\u00bb background_size=\u00bbinitial\u00bb collapsed=\u00bbon\u00bb global_colors_info=\u00bb{%22gcid-946866d9-c2b9-4b1f-9c7c-a55f3a135378%22:%91%22background_color%22%93}\u00bb][et_pb_row _builder_version=\u00bb4.27.3&#8243; _module_preset=\u00bbdefault\u00bb global_colors_info=\u00bb{}\u00bb][et_pb_column type=\u00bb4_4&#8243; _builder_version=\u00bb4.27.3&#8243; _module_preset=\u00bbdefault\u00bb global_colors_info=\u00bb{}\u00bb][et_pb_text _builder_version=\u00bb4.27.3&#8243; _module_preset=\u00bbdefault\u00bb text_font=\u00bbPoppins|800|||||||\u00bb text_text_color=\u00bb#000000&#8243; text_font_size=\u00bb54px\u00bb text_letter_spacing=\u00bb6px\u00bb text_line_height=\u00bb1em\u00bb text_orientation=\u00bbcenter\u00bb text_text_shadow_style=\u00bbpreset1&#8243; global_colors_info=\u00bb{}\u00bb]<\/p>\n<p>Deja tu mensaje y Te Contactamos <span style=\"color: #ff9900;\">hoy mismo<\/span><\/p>\n<p>[\/et_pb_text][\/et_pb_column][\/et_pb_row][et_pb_row column_structure=\u00bb1_2,1_2&#8243; _builder_version=\u00bb4.22.0&#8243; _module_preset=\u00bbdefault\u00bb global_colors_info=\u00bb{}\u00bb][et_pb_column type=\u00bb1_2&#8243; _builder_version=\u00bb4.22.0&#8243; _module_preset=\u00bbdefault\u00bb global_colors_info=\u00bb{}\u00bb][et_pb_text _builder_version=\u00bb4.27.3&#8243; _module_preset=\u00bbc51bfe20-b80a-4a0d-9e66-e77fcb0d0b9b\u00bb text_font=\u00bbPoppins||||||||\u00bb text_font_size=\u00bb18px\u00bb header_font=\u00bbPoppins|700|||||||\u00bb header_text_align=\u00bbcenter\u00bb header_text_color=\u00bb#000000&#8243; header_font_size=\u00bb39px\u00bb custom_margin=\u00bb||10px||false|false\u00bb global_colors_info=\u00bb{}\u00bb]<\/p>\n<h1>Contacta <span style=\"color: #ff9900;\">Jiba Electric<\/span> Ahora<\/h1>\n<p>[\/et_pb_text][et_pb_text _builder_version=\u00bb4.27.3&#8243; _module_preset=\u00bb960fbc2b-48ae-47cb-8cef-f10c8585a8e1&#8243; global_colors_info=\u00bb{}\u00bb]<\/p>\n<h3>En <span style=\"text-decoration: underline; color: #ff9900;\">Jiba Electric<\/span>, entendemos que cada proyecto tiene su propia historia y necesidades espec\u00edficas, y estamos aqu\u00ed para acompa\u00f1arte en cada paso del camino hacia una instalaci\u00f3n el\u00e9ctrica que combine seguridad y eficiencia. Nuestro equipo de expertos est\u00e1 listo para resolver cualquier inquietud que puedas tener, ofreciendo soluciones personalizadas que se adaptan a tus requerimientos y garantizan un servicio de calidad. No dejes que las dudas te detengan, cont\u00e1ctanos ahora y descubre c\u00f3mo podemos iluminar tu hogar o negocio con la confianza que solo Jiba Electric puede ofrecer.<\/h3>\n<p>[\/et_pb_text][et_pb_blurb title=\u00bbPhone\u00bb use_icon=\u00bbon\u00bb font_icon=\u00bb&#xe090;||divi||400&#8243; image_icon_background_color=\u00bb#E09900&#8243; _builder_version=\u00bb4.27.3&#8243; _module_preset=\u00bb0e77756c-a27d-45fa-aa47-d6315d09504f\u00bb body_link_text_color=\u00bbgcid-c6bf7a23-856a-4cb2-9140-f8fe92a7e2b1&#8243; hover_enabled=\u00bb0&#8243; locked=\u00bboff\u00bb global_colors_info=\u00bb{%22gcid-c6bf7a23-856a-4cb2-9140-f8fe92a7e2b1%22:%91%22body_link_text_color%22%93}\u00bb sticky_enabled=\u00bb0&#8243;]<\/p>\n<p>+56 981899665<\/p>\n<p>[\/et_pb_blurb][et_pb_blurb title=\u00bbEmail\u00bb use_icon=\u00bbon\u00bb font_icon=\u00bb&#xe076;||divi||400&#8243; image_icon_background_color=\u00bb#E09900&#8243; _builder_version=\u00bb4.27.3&#8243; _module_preset=\u00bb0e77756c-a27d-45fa-aa47-d6315d09504f\u00bb body_link_text_color=\u00bbgcid-c6bf7a23-856a-4cb2-9140-f8fe92a7e2b1&#8243; locked=\u00bboff\u00bb global_colors_info=\u00bb{%22gcid-c6bf7a23-856a-4cb2-9140-f8fe92a7e2b1%22:%91%22body_link_text_color%22%93}\u00bb]<\/p>\n<p>jorge.barrera@jibaelectric.cl<\/p>\n<p>[\/et_pb_blurb][\/et_pb_column][et_pb_column type=\u00bb1_2&#8243; _builder_version=\u00bb4.22.0&#8243; _module_preset=\u00bbdefault\u00bb background_color=\u00bb#FFFFFF\u00bb custom_padding=\u00bb60px|60px|60px|60px|true|true\u00bb custom_padding_tablet=\u00bb30px|30px|30px|30px|true|true\u00bb custom_padding_phone=\u00bb20px|20px|20px|20px|true|true\u00bb custom_padding_last_edited=\u00bbon|desktop\u00bb box_shadow_style=\u00bbpreset4&#8243; box_shadow_horizontal=\u00bb0px\u00bb box_shadow_blur=\u00bb60px\u00bb box_shadow_spread=\u00bb-10px\u00bb box_shadow_color=\u00bbrgba(0,0,0,0.15)\u00bb global_colors_info=\u00bb{}\u00bb][et_pb_contact_form captcha=\u00bboff\u00bb _builder_version=\u00bb4.27.3&#8243; _module_preset=\u00bb2db42773-0ced-4c07-9262-d8f8105c9e32&#8243; form_field_font_size=\u00bb21px\u00bb form_field_letter_spacing=\u00bb1px\u00bb form_field_line_height=\u00bb1em\u00bb button_bg_color=\u00bb#E09900&#8243; hover_enabled=\u00bb0&#8243; locked=\u00bboff\u00bb global_colors_info=\u00bb{}\u00bb email=\u00bbjorge.barrera@jibaelectric.cl\u00bb background_color=\u00bb#FFFFFF\u00bb sticky_enabled=\u00bb0&#8243;][et_pb_contact_field field_id=\u00bbName\u00bb field_title=\u00bbName\u00bb fullwidth_field=\u00bbon\u00bb _builder_version=\u00bb4.16&#8243; _module_preset=\u00bbdefault\u00bb global_colors_info=\u00bb{}\u00bb button_text_size__hover_enabled=\u00bboff\u00bb button_one_text_size__hover_enabled=\u00bboff\u00bb button_two_text_size__hover_enabled=\u00bboff\u00bb button_text_color__hover_enabled=\u00bboff\u00bb button_one_text_color__hover_enabled=\u00bboff\u00bb button_two_text_color__hover_enabled=\u00bboff\u00bb button_border_width__hover_enabled=\u00bboff\u00bb button_one_border_width__hover_enabled=\u00bboff\u00bb button_two_border_width__hover_enabled=\u00bboff\u00bb button_border_color__hover_enabled=\u00bboff\u00bb button_one_border_color__hover_enabled=\u00bboff\u00bb button_two_border_color__hover_enabled=\u00bboff\u00bb button_border_radius__hover_enabled=\u00bboff\u00bb button_one_border_radius__hover_enabled=\u00bboff\u00bb button_two_border_radius__hover_enabled=\u00bboff\u00bb button_letter_spacing__hover_enabled=\u00bboff\u00bb button_one_letter_spacing__hover_enabled=\u00bboff\u00bb button_two_letter_spacing__hover_enabled=\u00bboff\u00bb button_bg_color__hover_enabled=\u00bboff\u00bb button_one_bg_color__hover_enabled=\u00bboff\u00bb button_two_bg_color__hover_enabled=\u00bboff\u00bb][\/et_pb_contact_field][et_pb_contact_field field_id=\u00bbEmail\u00bb field_title=\u00bbEmail Address\u00bb field_type=\u00bbemail\u00bb fullwidth_field=\u00bbon\u00bb _builder_version=\u00bb4.16&#8243; _module_preset=\u00bbdefault\u00bb global_colors_info=\u00bb{}\u00bb button_text_size__hover_enabled=\u00bboff\u00bb button_one_text_size__hover_enabled=\u00bboff\u00bb button_two_text_size__hover_enabled=\u00bboff\u00bb button_text_color__hover_enabled=\u00bboff\u00bb button_one_text_color__hover_enabled=\u00bboff\u00bb button_two_text_color__hover_enabled=\u00bboff\u00bb button_border_width__hover_enabled=\u00bboff\u00bb button_one_border_width__hover_enabled=\u00bboff\u00bb button_two_border_width__hover_enabled=\u00bboff\u00bb button_border_color__hover_enabled=\u00bboff\u00bb button_one_border_color__hover_enabled=\u00bboff\u00bb button_two_border_color__hover_enabled=\u00bboff\u00bb button_border_radius__hover_enabled=\u00bboff\u00bb button_one_border_radius__hover_enabled=\u00bboff\u00bb button_two_border_radius__hover_enabled=\u00bboff\u00bb button_letter_spacing__hover_enabled=\u00bboff\u00bb button_one_letter_spacing__hover_enabled=\u00bboff\u00bb button_two_letter_spacing__hover_enabled=\u00bboff\u00bb button_bg_color__hover_enabled=\u00bboff\u00bb button_one_bg_color__hover_enabled=\u00bboff\u00bb button_two_bg_color__hover_enabled=\u00bboff\u00bb][\/et_pb_contact_field][et_pb_contact_field field_id=\u00bbMessage\u00bb field_title=\u00bbMessage\u00bb field_type=\u00bbtext\u00bb fullwidth_field=\u00bbon\u00bb _builder_version=\u00bb4.27.3&#8243; _module_preset=\u00bbdefault\u00bb form_field_font_size=\u00bb22px\u00bb form_field_letter_spacing=\u00bb1px\u00bb form_field_line_height=\u00bb1em\u00bb width=\u00bb100%\u00bb max_width=\u00bb100%\u00bb min_height=\u00bb1000px\u00bb height=\u00bb390px\u00bb global_colors_info=\u00bb{}\u00bb button_text_size__hover_enabled=\u00bboff\u00bb button_one_text_size__hover_enabled=\u00bboff\u00bb button_two_text_size__hover_enabled=\u00bboff\u00bb button_text_color__hover_enabled=\u00bboff\u00bb button_one_text_color__hover_enabled=\u00bboff\u00bb button_two_text_color__hover_enabled=\u00bboff\u00bb button_border_width__hover_enabled=\u00bboff\u00bb button_one_border_width__hover_enabled=\u00bboff\u00bb button_two_border_width__hover_enabled=\u00bboff\u00bb button_border_color__hover_enabled=\u00bboff\u00bb button_one_border_color__hover_enabled=\u00bboff\u00bb button_two_border_color__hover_enabled=\u00bboff\u00bb button_border_radius__hover_enabled=\u00bboff\u00bb button_one_border_radius__hover_enabled=\u00bboff\u00bb button_two_border_radius__hover_enabled=\u00bboff\u00bb button_letter_spacing__hover_enabled=\u00bboff\u00bb button_one_letter_spacing__hover_enabled=\u00bboff\u00bb button_two_letter_spacing__hover_enabled=\u00bboff\u00bb button_bg_color__hover_enabled=\u00bboff\u00bb button_one_bg_color__hover_enabled=\u00bboff\u00bb button_two_bg_color__hover_enabled=\u00bboff\u00bb][\/et_pb_contact_field][\/et_pb_contact_form][\/et_pb_column][\/et_pb_row][\/et_pb_section][et_pb_section fb_built=\u00bb1&#8243; admin_label=\u00bbFooter\u00bb _builder_version=\u00bb4.23.1&#8243; _module_preset=\u00bbdefault\u00bb custom_padding=\u00bb0px||0px||false|false\u00bb saved_tabs=\u00bball\u00bb collapsed=\u00bbon\u00bb global_colors_info=\u00bb{}\u00bb][et_pb_row _builder_version=\u00bb4.27.3&#8243; _module_preset=\u00bbdefault\u00bb use_background_color_gradient=\u00bbon\u00bb background_color_gradient_stops=\u00bbrgba(0,0,0,0.7) 0%|rgba(255,255,255,0) 100%\u00bb background_color_gradient_overlays_image=\u00bbon\u00bb background_image=\u00bbhttps:\/\/jibaelectric.cl\/wp-content\/uploads\/2024\/11\/slider-home-7.jpg\u00bb parallax=\u00bbon\u00bb width=\u00bb100%\u00bb max_width=\u00bbnone\u00bb custom_padding=\u00bb0px||0px||true|false\u00bb global_colors_info=\u00bb{}\u00bb][et_pb_column type=\u00bb4_4&#8243; _builder_version=\u00bb4.23.1&#8243; _module_preset=\u00bbdefault\u00bb global_colors_info=\u00bb{}\u00bb][et_pb_divider show_divider=\u00bboff\u00bb _builder_version=\u00bb4.23.1&#8243; _module_preset=\u00bbdefault\u00bb height=\u00bb12vw\u00bb global_colors_info=\u00bb{}\u00bb][\/et_pb_divider][\/et_pb_column][\/et_pb_row][et_pb_row column_structure=\u00bb1_2,1_2&#8243; _builder_version=\u00bb4.22.0&#8243; _module_preset=\u00bbdefault\u00bb global_colors_info=\u00bb{}\u00bb][et_pb_column type=\u00bb1_2&#8243; _builder_version=\u00bb4.22.0&#8243; _module_preset=\u00bbdefault\u00bb global_colors_info=\u00bb{}\u00bb][et_pb_text _builder_version=\u00bb4.27.3&#8243; _module_preset=\u00bb3bb52bb2-5739-477b-90ca-a224b5d8919f\u00bb global_colors_info=\u00bb{}\u00bb]<\/p>\n<h2>Mantente Informado.\u00a0 \u00a1Suscr\u00edbete Hoy!<\/h2>\n<p>[\/et_pb_text][\/et_pb_column][et_pb_column type=\u00bb1_2&#8243; _builder_version=\u00bb4.22.0&#8243; _module_preset=\u00bbdefault\u00bb global_colors_info=\u00bb{}\u00bb][et_pb_signup mailchimp_list=\u00bbundefined|elegantthemestest|1ea2bbd026&#8243; first_name_field=\u00bboff\u00bb last_name_field=\u00bboff\u00bb _builder_version=\u00bb4.27.3&#8243; _module_preset=\u00bb8beae458-46aa-4645-9fed-c833385a6225&#8243; button_bg_color=\u00bb#E09900&#8243; locked=\u00bboff\u00bb global_colors_info=\u00bb{}\u00bb][\/et_pb_signup][\/et_pb_column][\/et_pb_row][et_pb_row column_structure=\u00bb1_3,1_3,1_3&#8243; _builder_version=\u00bb4.22.0&#8243; _module_preset=\u00bbdefault\u00bb border_color_all=\u00bbrgba(0,0,0,0.12)\u00bb border_width_top=\u00bb1px\u00bb global_colors_info=\u00bb{}\u00bb][et_pb_column type=\u00bb1_3&#8243; _builder_version=\u00bb4.22.0&#8243; _module_preset=\u00bbdefault\u00bb global_colors_info=\u00bb{}\u00bb][\/et_pb_column][et_pb_column type=\u00bb1_3&#8243; _builder_version=\u00bb4.22.0&#8243; _module_preset=\u00bbdefault\u00bb global_colors_info=\u00bb{}\u00bb][et_pb_text _builder_version=\u00bb4.22.0&#8243; _module_preset=\u00bbcb5ae52b-9877-4bb2-9503-f8836373387a\u00bb text_orientation=\u00bbcenter\u00bb custom_margin=\u00bb||10px||false|false\u00bb global_colors_info=\u00bb{}\u00bb]<\/p>\n<h5>Social<\/h5>\n<p>[\/et_pb_text][et_pb_social_media_follow icon_color=\u00bb#000000&#8243; use_icon_font_size=\u00bbon\u00bb _builder_version=\u00bb4.27.3&#8243; _module_preset=\u00bbdefault\u00bb custom_button=\u00bbon\u00bb text_orientation=\u00bbcenter\u00bb border_radii=\u00bbon|100px|100px|100px|100px\u00bb global_colors_info=\u00bb{}\u00bb][et_pb_social_media_follow_network social_network=\u00bbfacebook\u00bb _builder_version=\u00bb4.27.3&#8243; _module_preset=\u00bbdefault\u00bb background_color=\u00bb#E09900&#8243; background_enable_color=\u00bbon\u00bb custom_padding=\u00bb4px|4px|4px|4px|true|true\u00bb global_colors_info=\u00bb{}\u00bb follow_button=\u00bboff\u00bb url_new_window=\u00bbon\u00bb]facebook[\/et_pb_social_media_follow_network][et_pb_social_media_follow_network social_network=\u00bbtwitter\u00bb _builder_version=\u00bb4.27.3&#8243; _module_preset=\u00bbdefault\u00bb background_color=\u00bb#E09900&#8243; background_enable_color=\u00bbon\u00bb custom_padding=\u00bb4px|4px|4px|4px|true|true\u00bb global_colors_info=\u00bb{}\u00bb follow_button=\u00bboff\u00bb url_new_window=\u00bbon\u00bb]twitter[\/et_pb_social_media_follow_network][et_pb_social_media_follow_network social_network=\u00bbinstagram\u00bb _builder_version=\u00bb4.27.3&#8243; _module_preset=\u00bbdefault\u00bb background_color=\u00bb#E09900&#8243; background_enable_color=\u00bbon\u00bb custom_padding=\u00bb4px|4px|4px|4px|true|true\u00bb global_colors_info=\u00bb{}\u00bb follow_button=\u00bboff\u00bb url_new_window=\u00bbon\u00bb]instagram[\/et_pb_social_media_follow_network][\/et_pb_social_media_follow][\/et_pb_column][et_pb_column type=\u00bb1_3&#8243; _builder_version=\u00bb4.22.0&#8243; _module_preset=\u00bbdefault\u00bb global_colors_info=\u00bb{}\u00bb][et_pb_text _builder_version=\u00bb4.22.0&#8243; _module_preset=\u00bbcb5ae52b-9877-4bb2-9503-f8836373387a\u00bb text_orientation=\u00bbcenter\u00bb custom_margin=\u00bb||10px||false|false\u00bb global_colors_info=\u00bb{}\u00bb]<\/p>\n<h5>Contact<\/h5>\n<p>[\/et_pb_text][et_pb_text _builder_version=\u00bb4.27.3&#8243; _module_preset=\u00bb4a409031-e4a0-4c52-baa0-a4bd685860a0&#8243; link_text_color=\u00bbgcid-c6bf7a23-856a-4cb2-9140-f8fe92a7e2b1&#8243; text_orientation=\u00bbcenter\u00bb custom_margin=\u00bb||10px||false|false\u00bb hover_enabled=\u00bb0&#8243; global_colors_info=\u00bb{%22gcid-c6bf7a23-856a-4cb2-9140-f8fe92a7e2b1%22:%91%22link_text_color%22%93}\u00bb sticky_enabled=\u00bb0&#8243;]<\/p>\n<p>+569 81899665<\/p>\n<p>[\/et_pb_text][et_pb_text _builder_version=\u00bb4.27.3&#8243; _module_preset=\u00bb4a409031-e4a0-4c52-baa0-a4bd685860a0&#8243; link_text_color=\u00bbgcid-c6bf7a23-856a-4cb2-9140-f8fe92a7e2b1&#8243; text_orientation=\u00bbcenter\u00bb custom_margin=\u00bb||10px||false|false\u00bb global_colors_info=\u00bb{%22gcid-c6bf7a23-856a-4cb2-9140-f8fe92a7e2b1%22:%91%22link_text_color%22%93}\u00bb]<\/p>\n<div class=\"et-module-a875a81f-a727-4244-b22b-410ec437e41e et_pb_column ui-sortable et-animated--vb et_pb_column_1_2 et_pb_column_1 et-first-child et-last-child-2 et_pb_with_border\" data-address=\"0.1.0\">\n<div class=\"et_fb_editing_enabled et-last-child et-module-609822d6-2125-49a0-9c2c-881d325a31fc et_pb_blurb et_pb_module ui-sortable et_pb_blurb_1 et-animated--vb et_pb_text_align_left et_pb_bg_layout_light et_pb_blurb_position_left et-fb-module--short et-fb-module--has-mousetrap et_pb_with_border et-pb-with-global-presets\" data-address=\"0.1.0.3\" dynamic=\"[object Object]\" matching=\"[object Object]\" parent_slug=\"et_pb_column\" theme_builder_suffix=\"\" wp_editor_suffix=\"\" wrapper_settings=\"[object Object]\" _key=\"609822d6-2125-49a0-9c2c-881d325a31fc\">\n<div class=\"et_pb_blurb_content\">\n<div class=\"et_pb_blurb_container\">\n<div class=\"et_pb_blurb_description\">\n<div class=\"et-fb-popover-tinymce\" data-shortcode-id=\"0.1.0.3-1734815720680\" data-quickaccess-id=\"body\" data-quickaccess-editable=\"yes\">\n<div>\n<p>jorge.barrera@jibaelectric.cl<\/p>\n<\/div>\n<\/div>\n<\/div>\n<\/div>\n<\/div>\n<\/div>\n<\/div>\n<p>[\/et_pb_text][\/et_pb_column][\/et_pb_row][et_pb_row _builder_version=\u00bb4.22.0&#8243; _module_preset=\u00bbdefault\u00bb background_color=\u00bbgcid-d13dd47d-c04f-4aec-b591-ba88ac7e1568&#8243; width=\u00bb100%\u00bb max_width=\u00bbnone\u00bb custom_padding=\u00bb|10%||10%|false|true\u00bb global_colors_info=\u00bb{%22gcid-d13dd47d-c04f-4aec-b591-ba88ac7e1568%22:%91%22background_color%22%93}\u00bb][et_pb_column type=\u00bb4_4&#8243; _builder_version=\u00bb4.22.0&#8243; _module_preset=\u00bbdefault\u00bb global_colors_info=\u00bb{}\u00bb][et_pb_text _builder_version=\u00bb4.22.0&#8243; _dynamic_attributes=\u00bbcontent\u00bb _module_preset=\u00bb4a409031-e4a0-4c52-baa0-a4bd685860a0&#8243; text_text_color=\u00bbrgba(255,255,255,0.6)\u00bb text_orientation=\u00bbcenter\u00bb global_colors_info=\u00bb{}\u00bb]@ET-DC@eyJkeW5hbWljIjp0cnVlLCJjb250ZW50IjoiY3VycmVudF9kYXRlIiwic2V0dGluZ3MiOnsiYmVmb3JlIjoiQ29weXJpZ2h0ICZjb3B5OyAiLCJhZnRlciI6IiBEaXZpLiBBbGwgUmlnaHRzIFJlc2VydmVkLiIsImRhdGVfZm9ybWF0IjoiY3VzdG9tIiwiY3VzdG9tX2RhdGVfZm9ybWF0IjoiWSJ9fQ==@[\/et_pb_text][\/et_pb_column][\/et_pb_row][\/et_pb_section]<\/p>\n","protected":false},"excerpt":{"rendered":"<p>cotizaci\u00f3n<\/p>\n","protected":false},"author":1,"featured_media":0,"parent":0,"menu_order":0,"comment_status":"closed","ping_status":"closed","template":"","meta":{"_et_pb_use_builder":"on","_et_pb_old_content":"","_et_gb_content_width":"","footnotes":""},"class_list":["post-24","page","type-page","status-publish","hentry"],"_links":{"self":[{"href":"https:\/\/jibaelectric.cl\/index.php\/wp-json\/wp\/v2\/pages\/24","targetHints":{"allow":["GET"]}}],"collection":[{"href":"https:\/\/jibaelectric.cl\/index.php\/wp-json\/wp\/v2\/pages"}],"about":[{"href":"https:\/\/jibaelectric.cl\/index.php\/wp-json\/wp\/v2\/types\/page"}],"author":[{"embeddable":true,"href":"https:\/\/jibaelectric.cl\/index.php\/wp-json\/wp\/v2\/users\/1"}],"replies":[{"embeddable":true,"href":"https:\/\/jibaelectric.cl\/index.php\/wp-json\/wp\/v2\/comments?post=24"}],"version-history":[{"count":10,"href":"https:\/\/jibaelectric.cl\/index.php\/wp-json\/wp\/v2\/pages\/24\/revisions"}],"predecessor-version":[{"id":178,"href":"https:\/\/jibaelectric.cl\/index.php\/wp-json\/wp\/v2\/pages\/24\/revisions\/178"}],"wp:attachment":[{"href":"https:\/\/jibaelectric.cl\/index.php\/wp-json\/wp\/v2\/media?parent=24"}],"curies":[{"name":"wp","href":"https:\/\/api.w.org\/{rel}","templated":true}]}}